{"id":3160,"date":"2021-05-21T18:20:22","date_gmt":"2021-05-21T16:20:22","guid":{"rendered":"https:\/\/dev.b2bpricelists.com\/?page_id=3160"},"modified":"2021-05-25T16:03:32","modified_gmt":"2021-05-25T14:03:32","slug":"nutzungsbedingungen","status":"publish","type":"page","link":"https:\/\/dev.b2bpricelists.com\/de\/nutzungsbedingungen\/","title":{"rendered":"Nutzungsbedingungen"},"content":{"rendered":"\n<p>Mit Nutzung der Anbietersuche und ihrer erg\u00e4nzenden Services akzeptiert der Nutzer die nachfolgenden Nutzungsbedingungen, welche die Nutzung der Anbietersuche \u201eB2BPriceLists.com\u201c der Hauser Deco MODERN UG (haftungsbeschr\u00e4nkt) sowie deren erg\u00e4n-zende Services regeln.<\/p>\n\n\n\n<p>\u00a7 1 Definitionen<\/p>\n\n\n\n<ol><li>\u201eB2BPriceLists.com\u201c: Die Firma Hauser Deco MODERN UG (haftungsbeschr\u00e4nkt), Fabriciusstr. 57, 65933 Frankfurt, als Betreiber der Anbietersuche \u201eB2BPriceLists.com\u201c;<\/li><li>Nutzer: Jede nat\u00fcrliche oder juristische Person, welche die Anbietersuche oder einen erg\u00e4nzenden Service nutzt und\/oder \u00fcber diesen mit Dritten kommuniziert;<\/li><li>Inserent: Jeder Anbieter von Produkten und Dienstleitungen, der in der Anbietersuche von B2BPriceLists.com aufgef\u00fchrt ist;<\/li><li>Erg\u00e4nzende Services, \u201eB2BPriceLists.com-Firma kontaktieren\u201c und ggf. weitere;<\/li><li>\u201eB2BPriceLists.com\u201c-\u201eFirma kontaktieren\u201c: Die Beauftragung von Hauser Deco MODERN UG mit der Information eines oder mehrerer der bei \u201eB2BPriceLists.com\u201c ver-zeichneten Anbieter \u00fcber das konkrete Interesse eines Nutzers an Dienstleistungen oder Produkten.<\/li><\/ol>\n\n\n\n<p>\u00a7 2 Nutzungsumfang<\/p>\n\n\n\n<ol><li>Der Nutzer erkl\u00e4rt, die Anbietersuche und die Erg\u00e4nzende Services ausschlie\u00dflich im Rahmen seiner gewerblichen und selbst\u00e4ndigen beruflichen T\u00e4tigkeit zu nutzen, mit-hin kein Verbraucher im Sinne des \u00a7 13 BGB zu sein.<\/li><li>Der Nutzer verpflichtet sich, keine pornographischen, politisch extremistischen, religi-\u00f6s fanatischen oder sonstigen Inhalte zu versenden, die nicht mit der freiheitlich de-mokratischen Grundordnung im Einklang stehen oder in sonstiger Weise geltendes Recht verletzen.<\/li><li>Jede Nutzung der Erg\u00e4nzenden Services zu Kommunikationen, die nicht von den De-finitionen unter \u00a7 1 Absatz 5 gedeckt ist, ist als unaufgeforderte Kommunikation (Spam) untersagt. Der Nutzer nimmt zur Kenntnis, dass dem Empf\u00e4nger von Spam unabh\u00e4ngig von der gew\u00e4hlten technischen Form (E-Mail, Telefon oder SMS) gegen den Nutzer ein wettbewerbsrechtlicher Unterlassungsanspruch und\/oder Schadener-satzanspruch zustehen kann.<\/li><\/ol>\n\n\n\n<p>\u00a7 3 Haftung<\/p>\n\n\n\n<ol><li>Die Hauser Deco MODERN UG \u00fcbernimmt keinerlei Haftung f\u00fcr Inhalt, Datenintegrit\u00e4t, Zustellung oder Verbleib von Kommunikationen, die mit den erg\u00e4nzenden Services versendet werden.<\/li><li>Der Nutzer haftet f\u00fcr seine \u00fcber Erg\u00e4nzenden Services versandten Inhalte nach den allgemeinen Gesetzen sowie nach Ma\u00dfgabe dieser Nutzungsbedingungen. Wird die Hauser Deco MODERN UG wegen eines Gesetzesversto\u00dfes oder eines Versto\u00dfes gegen diese Nutzungsbedingungen in Anspruch genommen, so stellt der Nutzer die Hauser Deco MODERN UG von diesen Anspr\u00fcchen auf erstes Anfordern frei.<\/li><\/ol>\n\n\n\n<p>\u00a7 4 Folgen eines Missbrauchs<\/p>\n\n\n\n<ol><li>Verst\u00f6\u00dft der Nutzer gegen \u00a7 2 dieser Nutzungsbedingungen, so verwirkt er je Aussen-dung und Inserenten, dem eine unaufgeforderte Kommunikation zugesandt wurde, eine Vertragsstrafe in H\u00f6he von \u20ac 25,00.<\/li><li>Die Hauser Deco MODERN UG ist weiterhin berechtigt, im Falle eines Versto\u00dfes gegen \u00a7 2 dieser Nutzungsbedingungen Schadenersatz geltend zu machen.<\/li><\/ol>\n\n\n\n<p>\u00a7 5 Gerichtsstand und Salvatorische Klausel<br>Es gilt das Recht der Bundesrepublik Deutschland unter Ausschluss der Haager Einheitlichen Kaufgesetze und des deutschen Kollisionsrechtes. Ausschlie\u00dflicher Erf\u00fcllungs- und Gerichts-ort ist Hamburg. S\u00e4mtliche \u00c4nderungen dieser Nutzungsbedingungen einschlie\u00dflich der Schriftformklausel bed\u00fcrfen der Schriftform. Die Unwirksamkeit einzelner Bestimmungen ber\u00fchrt nicht die Wirksamkeit dieser Nutzungsbedingungen im \u00dcbrigen.<\/p>\n\n\n\n<p>Kontakt Hauser Deco MODERN UG:<\/p>\n\n\n\n<p>Hauser Deco MODERN UG (haftungsbeschr\u00e4nkt)<br>Fabriciusstr. 57<br>65933 Frankfurt<br>Deutschland<\/p>\n\n\n\n<p>Tel: +49 (0)69 138286-70<br>Fax: +49 (0)69 138286-72<br>E-Mail: info (at) hauser-deco-modern.de<br>USt-IdNr.: DE299962264<br>Handelsregister: Amtsgericht Frankfurt am Main, HRB 107748<br>Gesch\u00e4ftsf\u00fchrer: Clemens Hauser<\/p>\n","protected":false},"excerpt":{"rendered":"<p>Mit Nutzung der Anbietersuche und ihrer erg\u00e4nzenden Services akzeptiert der Nutzer die nachfolgenden Nutzungsbedingungen, welche die Nutzung der Anbietersuche \u201eB2BPriceLists.com\u201c der Hauser Deco MODERN UG (haftungsbeschr\u00e4nkt) sowie deren erg\u00e4n-zende Services regeln. \u00a7 1 Definitionen \u201eB2BPriceLists.com\u201c: Die Firma Hauser Deco MODERN UG (haftungsbeschr\u00e4nkt), Fabriciusstr. 57, 65933 Frankfurt, als Betreiber der Anbietersuche \u201eB2BPriceLists.com\u201c; Nutzer: Jede nat\u00fcrliche oder [&hellip;]<\/p>\n","protected":false},"author":1,"featured_media":0,"parent":0,"menu_order":0,"comment_status":"closed","ping_status":"closed","template":"template-fullwidth.php","meta":[],"yoast_head":"<!-- This site is optimized with the Yoast SEO plugin v19.2 - https:\/\/yoast.com\/wordpress\/plugins\/seo\/ -->\n<title>Nutzungsbedingungen - B2Bpricelists.com<\/title>\n<meta name=\"robots\" content=\"noindex, follow\" \/>\n<meta property=\"og:locale\" content=\"de_DE\" \/>\n<meta property=\"og:type\" content=\"article\" \/>\n<meta property=\"og:title\" content=\"Nutzungsbedingungen - B2Bpricelists.com\" \/>\n<meta property=\"og:description\" content=\"Mit Nutzung der Anbietersuche und ihrer erg\u00e4nzenden Services akzeptiert der Nutzer die nachfolgenden Nutzungsbedingungen, welche die Nutzung der Anbietersuche \u201eB2BPriceLists.com\u201c der Hauser Deco MODERN UG (haftungsbeschr\u00e4nkt) sowie deren erg\u00e4n-zende Services regeln. \u00a7 1 Definitionen \u201eB2BPriceLists.com\u201c: Die Firma Hauser Deco MODERN UG (haftungsbeschr\u00e4nkt), Fabriciusstr. 57, 65933 Frankfurt, als Betreiber der Anbietersuche \u201eB2BPriceLists.com\u201c; Nutzer: Jede nat\u00fcrliche oder [&hellip;]\" \/>\n<meta property=\"og:url\" content=\"https:\/\/dev.b2bpricelists.com\/de\/nutzungsbedingungen\/\" \/>\n<meta property=\"og:site_name\" content=\"B2Bpricelists.com\" \/>\n<meta property=\"article:modified_time\" content=\"2021-05-25T14:03:32+00:00\" \/>\n<meta name=\"author\" content=\"b2bpricelists\" \/>\n<meta name=\"twitter:card\" content=\"summary_large_image\" \/>\n<meta name=\"twitter:label1\" content=\"Gesch\u00e4tzte Lesezeit\" \/>\n\t<meta name=\"twitter:data1\" content=\"3\u00a0Minuten\" \/>\n<script type=\"application\/ld+json\" class=\"yoast-schema-graph\">{\"@context\":\"https:\/\/schema.org\",\"@graph\":[{\"@type\":\"Organization\",\"@id\":\"https:\/\/dev.b2bpricelists.com\/#organization\",\"name\":\"B2Bpricelists.com\",\"url\":\"https:\/\/dev.b2bpricelists.com\/\",\"sameAs\":[],\"logo\":{\"@type\":\"ImageObject\",\"inLanguage\":\"de\",\"@id\":\"https:\/\/dev.b2bpricelists.com\/#\/schema\/logo\/image\/\",\"url\":\"https:\/\/i2.wp.com\/b2bpricelists.com\/wp-content\/uploads\/2021\/04\/B2Bpricelists_logo.png?fit=307%2C198&ssl=1\",\"contentUrl\":\"https:\/\/i2.wp.com\/b2bpricelists.com\/wp-content\/uploads\/2021\/04\/B2Bpricelists_logo.png?fit=307%2C198&ssl=1\",\"width\":307,\"height\":198,\"caption\":\"B2Bpricelists.com\"},\"image\":{\"@id\":\"https:\/\/dev.b2bpricelists.com\/#\/schema\/logo\/image\/\"}},{\"@type\":\"WebSite\",\"@id\":\"https:\/\/dev.b2bpricelists.com\/#website\",\"url\":\"https:\/\/dev.b2bpricelists.com\/\",\"name\":\"B2B Price Lists\",\"description\":\"The B2B supplier directory and business directory for more B2B success in any industry \u2013 efficient, inexpensive, worldwide!\",\"publisher\":{\"@id\":\"https:\/\/dev.b2bpricelists.com\/#organization\"},\"potentialAction\":[{\"@type\":\"SearchAction\",\"target\":{\"@type\":\"EntryPoint\",\"urlTemplate\":\"https:\/\/dev.b2bpricelists.com\/?s={search_term_string}\"},\"query-input\":\"required name=search_term_string\"}],\"inLanguage\":\"de\"},{\"@type\":\"WebPage\",\"@id\":\"https:\/\/dev.b2bpricelists.com\/de\/nutzungsbedingungen\/#webpage\",\"url\":\"https:\/\/dev.b2bpricelists.com\/de\/nutzungsbedingungen\/\",\"name\":\"Nutzungsbedingungen - B2Bpricelists.com\",\"isPartOf\":{\"@id\":\"https:\/\/dev.b2bpricelists.com\/#website\"},\"datePublished\":\"2021-05-21T16:20:22+00:00\",\"dateModified\":\"2021-05-25T14:03:32+00:00\",\"breadcrumb\":{\"@id\":\"https:\/\/dev.b2bpricelists.com\/de\/nutzungsbedingungen\/#breadcrumb\"},\"inLanguage\":\"de\",\"potentialAction\":[{\"@type\":\"ReadAction\",\"target\":[\"https:\/\/dev.b2bpricelists.com\/de\/nutzungsbedingungen\/\"]}]},{\"@type\":\"BreadcrumbList\",\"@id\":\"https:\/\/dev.b2bpricelists.com\/de\/nutzungsbedingungen\/#breadcrumb\",\"itemListElement\":[{\"@type\":\"ListItem\",\"position\":1,\"name\":\"Home\",\"item\":\"https:\/\/dev.b2bpricelists.com\/de\/\"},{\"@type\":\"ListItem\",\"position\":2,\"name\":\"Nutzungsbedingungen\"}]}]}<\/script>\n<!-- \/ Yoast SEO plugin. -->","yoast_head_json":{"title":"Nutzungsbedingungen - B2Bpricelists.com","robots":{"index":"noindex","follow":"follow"},"og_locale":"de_DE","og_type":"article","og_title":"Nutzungsbedingungen - B2Bpricelists.com","og_description":"Mit Nutzung der Anbietersuche und ihrer erg\u00e4nzenden Services akzeptiert der Nutzer die nachfolgenden Nutzungsbedingungen, welche die Nutzung der Anbietersuche \u201eB2BPriceLists.com\u201c der Hauser Deco MODERN UG (haftungsbeschr\u00e4nkt) sowie deren erg\u00e4n-zende Services regeln. \u00a7 1 Definitionen \u201eB2BPriceLists.com\u201c: Die Firma Hauser Deco MODERN UG (haftungsbeschr\u00e4nkt), Fabriciusstr. 57, 65933 Frankfurt, als Betreiber der Anbietersuche \u201eB2BPriceLists.com\u201c; Nutzer: Jede nat\u00fcrliche oder [&hellip;]","og_url":"https:\/\/dev.b2bpricelists.com\/de\/nutzungsbedingungen\/","og_site_name":"B2Bpricelists.com","article_modified_time":"2021-05-25T14:03:32+00:00","author":"b2bpricelists","twitter_card":"summary_large_image","twitter_misc":{"Gesch\u00e4tzte Lesezeit":"3\u00a0Minuten"},"schema":{"@context":"https:\/\/schema.org","@graph":[{"@type":"Organization","@id":"https:\/\/dev.b2bpricelists.com\/#organization","name":"B2Bpricelists.com","url":"https:\/\/dev.b2bpricelists.com\/","sameAs":[],"logo":{"@type":"ImageObject","inLanguage":"de","@id":"https:\/\/dev.b2bpricelists.com\/#\/schema\/logo\/image\/","url":"https:\/\/i2.wp.com\/b2bpricelists.com\/wp-content\/uploads\/2021\/04\/B2Bpricelists_logo.png?fit=307%2C198&ssl=1","contentUrl":"https:\/\/i2.wp.com\/b2bpricelists.com\/wp-content\/uploads\/2021\/04\/B2Bpricelists_logo.png?fit=307%2C198&ssl=1","width":307,"height":198,"caption":"B2Bpricelists.com"},"image":{"@id":"https:\/\/dev.b2bpricelists.com\/#\/schema\/logo\/image\/"}},{"@type":"WebSite","@id":"https:\/\/dev.b2bpricelists.com\/#website","url":"https:\/\/dev.b2bpricelists.com\/","name":"B2B Price Lists","description":"The B2B supplier directory and business directory for more B2B success in any industry \u2013 efficient, inexpensive, worldwide!","publisher":{"@id":"https:\/\/dev.b2bpricelists.com\/#organization"},"potentialAction":[{"@type":"SearchAction","target":{"@type":"EntryPoint","urlTemplate":"https:\/\/dev.b2bpricelists.com\/?s={search_term_string}"},"query-input":"required name=search_term_string"}],"inLanguage":"de"},{"@type":"WebPage","@id":"https:\/\/dev.b2bpricelists.com\/de\/nutzungsbedingungen\/#webpage","url":"https:\/\/dev.b2bpricelists.com\/de\/nutzungsbedingungen\/","name":"Nutzungsbedingungen - B2Bpricelists.com","isPartOf":{"@id":"https:\/\/dev.b2bpricelists.com\/#website"},"datePublished":"2021-05-21T16:20:22+00:00","dateModified":"2021-05-25T14:03:32+00:00","breadcrumb":{"@id":"https:\/\/dev.b2bpricelists.com\/de\/nutzungsbedingungen\/#breadcrumb"},"inLanguage":"de","potentialAction":[{"@type":"ReadAction","target":["https:\/\/dev.b2bpricelists.com\/de\/nutzungsbedingungen\/"]}]},{"@type":"BreadcrumbList","@id":"https:\/\/dev.b2bpricelists.com\/de\/nutzungsbedingungen\/#breadcrumb","itemListElement":[{"@type":"ListItem","position":1,"name":"Home","item":"https:\/\/dev.b2bpricelists.com\/de\/"},{"@type":"ListItem","position":2,"name":"Nutzungsbedingungen"}]}]}},"_links":{"self":[{"href":"https:\/\/dev.b2bpricelists.com\/de\/wp-json\/wp\/v2\/pages\/3160"}],"collection":[{"href":"https:\/\/dev.b2bpricelists.com\/de\/wp-json\/wp\/v2\/pages"}],"about":[{"href":"https:\/\/dev.b2bpricelists.com\/de\/wp-json\/wp\/v2\/types\/page"}],"author":[{"embeddable":true,"href":"https:\/\/dev.b2bpricelists.com\/de\/wp-json\/wp\/v2\/users\/1"}],"replies":[{"embeddable":true,"href":"https:\/\/dev.b2bpricelists.com\/de\/wp-json\/wp\/v2\/comments?post=3160"}],"version-history":[{"count":2,"href":"https:\/\/dev.b2bpricelists.com\/de\/wp-json\/wp\/v2\/pages\/3160\/revisions"}],"predecessor-version":[{"id":3192,"href":"https:\/\/dev.b2bpricelists.com\/de\/wp-json\/wp\/v2\/pages\/3160\/revisions\/3192"}],"wp:attachment":[{"href":"https:\/\/dev.b2bpricelists.com\/de\/wp-json\/wp\/v2\/media?parent=3160"}],"curies":[{"name":"wp","href":"https:\/\/api.w.org\/{rel}","templated":true}]}}