{"id":3155,"date":"2021-05-21T18:10:43","date_gmt":"2021-05-21T16:10:43","guid":{"rendered":"https:\/\/dev.b2bpricelists.com\/?page_id=3155"},"modified":"2022-02-10T17:10:50","modified_gmt":"2022-02-10T15:10:50","slug":"impressum","status":"publish","type":"page","link":"https:\/\/dev.b2bpricelists.com\/de\/impressum\/","title":{"rendered":"Impressum"},"content":{"rendered":"\n<p><strong>Verantwortlich im Sinne des \u00a7 5 des Telemediengesetzes:<\/strong><br>Hauser Deco Modern UG (haftungsbeschr\u00e4nkt)<br>-MODERNES B2B MARKETING-<br>Fabriciusstr. 57<br>65933 Frankfurt am Main<br>Deutschland<br>Telefon: +49 (0)69 138286-70<br>Fax: +49 (0)69 138286-72<br>E-Mail: contact [@] b2bpricelists.com<br>Handelsregister: Frankfurt am Main, HRB 107748<br>Umsatzsteuer-Identifikations-Nr.: DE299962264<br>Gesch\u00e4ftsf\u00fchrer: Clemens Hauser<\/p>\n\n\n\n<p><strong>Copyright-Hinweis und Haftungsausschlu\u00df<\/strong><br>Alle Bestandteile dieser Website unterliegen ohne Einschr\u00e4nkung dem Urheberrechtsgesetz, sowohl allgemein als Werk als auch speziell als Datenbank. Die unerlaubte Verwendung des gesamten Werkes oder von Teilen davon wird gerichtlich auf Unterlassung und Schadensersatz in Anspruch genommen und strafrechtlich verfolgt.<\/p>\n\n\n\n<p><strong>Haftung f\u00fcr Inhalte<\/strong><br>Als Betreiber einer Suchmaschine sind wir gem\u00e4\u00df \u00a7 7 Abs.1 TMG f\u00fcr eigene Inhalte auf diesen Seiten nach den allgemeinen Gesetzen verantwortlich. Nach \u00a7\u00a7 8 bis 10 TMG sind wir als Betreiber einer Suchmaschine jedoch nicht verpflichtet, \u00fcbermittelte oder gespeicherte fremde Informationen zu \u00fcberwachen oder nach Umst\u00e4nden zu forschen, die auf eine rechtswidrige T\u00e4tigkeit hinweisen. Verpflichtungen zur Entfernung oder Sperrung der Nutzung von Informationen nach den allgemeinen Gesetzen bleiben hiervon unber\u00fchrt. Eine diesbez\u00fcgliche Haftung ist jedoch erst ab dem Zeitpunkt der Kenntnis einer konkreten Rechtsverletzung m\u00f6glich. Bei Bekanntwerden von entsprechenden Rechtsverletzungen werden wir diese Inhalte umgehend entfernen.<\/p>\n\n\n\n<p><strong>Haftung f\u00fcr Links<\/strong><br>Unser Angebot enth\u00e4lt Links zu externen Webseiten Dritter, auf deren Inhalte wir keinen Einfluss haben. Deshalb k\u00f6nnen wir f\u00fcr diese fremden Inhalte auch keine Gew\u00e4hr \u00fcbernehmen. F\u00fcr die Inhalte der verlinkten Seiten ist stets der jeweilige Anbieter oder Betreiber der Seiten verantwortlich. Die verlinkten Seiten wurden zum Zeitpunkt der Verlinkung auf m\u00f6gliche Rechtsverst\u00f6\u00dfe \u00fcberpr\u00fcft. Rechtswidrige Inhalte waren zum Zeitpunkt der Verlinkung nicht erkennbar. Eine permanente inhaltliche Kontrolle der verlinkten Seiten ist jedoch ohne konkrete Anhaltspunkte einer Rechtsverletzung nicht zumutbar. Bei Bekanntwerden von Rechtsverletzungen werden wir derartige Links umgehend entfernen.<\/p>\n","protected":false},"excerpt":{"rendered":"<p>Verantwortlich im Sinne des \u00a7 5 des Telemediengesetzes:Hauser Deco Modern UG (haftungsbeschr\u00e4nkt)-MODERNES B2B MARKETING-Fabriciusstr. 5765933 Frankfurt am MainDeutschlandTelefon: +49 (0)69 138286-70Fax: +49 (0)69 138286-72E-Mail: contact [@] b2bpricelists.comHandelsregister: Frankfurt am Main, HRB 107748Umsatzsteuer-Identifikations-Nr.: DE299962264Gesch\u00e4ftsf\u00fchrer: Clemens Hauser Copyright-Hinweis und Haftungsausschlu\u00dfAlle Bestandteile dieser Website unterliegen ohne Einschr\u00e4nkung dem Urheberrechtsgesetz, sowohl allgemein als Werk als auch speziell als Datenbank. [&hellip;]<\/p>\n","protected":false},"author":1,"featured_media":0,"parent":0,"menu_order":0,"comment_status":"closed","ping_status":"closed","template":"template-fullwidth.php","meta":[],"yoast_head":"<!-- This site is optimized with the Yoast SEO plugin v19.2 - https:\/\/yoast.com\/wordpress\/plugins\/seo\/ -->\n<title>Impressum - B2Bpricelists.com<\/title>\n<meta name=\"robots\" content=\"noindex, follow\" \/>\n<meta property=\"og:locale\" content=\"de_DE\" \/>\n<meta property=\"og:type\" content=\"article\" \/>\n<meta property=\"og:title\" content=\"Impressum - B2Bpricelists.com\" \/>\n<meta property=\"og:description\" content=\"Verantwortlich im Sinne des \u00a7 5 des Telemediengesetzes:Hauser Deco Modern UG (haftungsbeschr\u00e4nkt)-MODERNES B2B MARKETING-Fabriciusstr. 5765933 Frankfurt am MainDeutschlandTelefon: +49 (0)69 138286-70Fax: +49 (0)69 138286-72E-Mail: contact [@] b2bpricelists.comHandelsregister: Frankfurt am Main, HRB 107748Umsatzsteuer-Identifikations-Nr.: DE299962264Gesch\u00e4ftsf\u00fchrer: Clemens Hauser Copyright-Hinweis und Haftungsausschlu\u00dfAlle Bestandteile dieser Website unterliegen ohne Einschr\u00e4nkung dem Urheberrechtsgesetz, sowohl allgemein als Werk als auch speziell als Datenbank. [&hellip;]\" \/>\n<meta property=\"og:url\" content=\"https:\/\/dev.b2bpricelists.com\/de\/impressum\/\" \/>\n<meta property=\"og:site_name\" content=\"B2Bpricelists.com\" \/>\n<meta property=\"article:modified_time\" content=\"2022-02-10T15:10:50+00:00\" \/>\n<meta name=\"author\" content=\"b2bpricelists\" \/>\n<meta name=\"twitter:card\" content=\"summary_large_image\" \/>\n<meta name=\"twitter:label1\" content=\"Gesch\u00e4tzte Lesezeit\" \/>\n\t<meta name=\"twitter:data1\" content=\"2\u00a0Minuten\" \/>\n<script type=\"application\/ld+json\" class=\"yoast-schema-graph\">{\"@context\":\"https:\/\/schema.org\",\"@graph\":[{\"@type\":\"Organization\",\"@id\":\"https:\/\/dev.b2bpricelists.com\/#organization\",\"name\":\"B2Bpricelists.com\",\"url\":\"https:\/\/dev.b2bpricelists.com\/\",\"sameAs\":[],\"logo\":{\"@type\":\"ImageObject\",\"inLanguage\":\"de\",\"@id\":\"https:\/\/dev.b2bpricelists.com\/#\/schema\/logo\/image\/\",\"url\":\"https:\/\/i2.wp.com\/b2bpricelists.com\/wp-content\/uploads\/2021\/04\/B2Bpricelists_logo.png?fit=307%2C198&ssl=1\",\"contentUrl\":\"https:\/\/i2.wp.com\/b2bpricelists.com\/wp-content\/uploads\/2021\/04\/B2Bpricelists_logo.png?fit=307%2C198&ssl=1\",\"width\":307,\"height\":198,\"caption\":\"B2Bpricelists.com\"},\"image\":{\"@id\":\"https:\/\/dev.b2bpricelists.com\/#\/schema\/logo\/image\/\"}},{\"@type\":\"WebSite\",\"@id\":\"https:\/\/dev.b2bpricelists.com\/#website\",\"url\":\"https:\/\/dev.b2bpricelists.com\/\",\"name\":\"B2B Price Lists\",\"description\":\"The B2B supplier directory and business directory for more B2B success in any industry \u2013 efficient, inexpensive, worldwide!\",\"publisher\":{\"@id\":\"https:\/\/dev.b2bpricelists.com\/#organization\"},\"potentialAction\":[{\"@type\":\"SearchAction\",\"target\":{\"@type\":\"EntryPoint\",\"urlTemplate\":\"https:\/\/dev.b2bpricelists.com\/?s={search_term_string}\"},\"query-input\":\"required name=search_term_string\"}],\"inLanguage\":\"de\"},{\"@type\":\"WebPage\",\"@id\":\"https:\/\/dev.b2bpricelists.com\/de\/impressum\/#webpage\",\"url\":\"https:\/\/dev.b2bpricelists.com\/de\/impressum\/\",\"name\":\"Impressum - B2Bpricelists.com\",\"isPartOf\":{\"@id\":\"https:\/\/dev.b2bpricelists.com\/#website\"},\"datePublished\":\"2021-05-21T16:10:43+00:00\",\"dateModified\":\"2022-02-10T15:10:50+00:00\",\"breadcrumb\":{\"@id\":\"https:\/\/dev.b2bpricelists.com\/de\/impressum\/#breadcrumb\"},\"inLanguage\":\"de\",\"potentialAction\":[{\"@type\":\"ReadAction\",\"target\":[\"https:\/\/dev.b2bpricelists.com\/de\/impressum\/\"]}]},{\"@type\":\"BreadcrumbList\",\"@id\":\"https:\/\/dev.b2bpricelists.com\/de\/impressum\/#breadcrumb\",\"itemListElement\":[{\"@type\":\"ListItem\",\"position\":1,\"name\":\"Home\",\"item\":\"https:\/\/dev.b2bpricelists.com\/de\/\"},{\"@type\":\"ListItem\",\"position\":2,\"name\":\"Impressum\"}]}]}<\/script>\n<!-- \/ Yoast SEO plugin. -->","yoast_head_json":{"title":"Impressum - B2Bpricelists.com","robots":{"index":"noindex","follow":"follow"},"og_locale":"de_DE","og_type":"article","og_title":"Impressum - B2Bpricelists.com","og_description":"Verantwortlich im Sinne des \u00a7 5 des Telemediengesetzes:Hauser Deco Modern UG (haftungsbeschr\u00e4nkt)-MODERNES B2B MARKETING-Fabriciusstr. 5765933 Frankfurt am MainDeutschlandTelefon: +49 (0)69 138286-70Fax: +49 (0)69 138286-72E-Mail: contact [@] b2bpricelists.comHandelsregister: Frankfurt am Main, HRB 107748Umsatzsteuer-Identifikations-Nr.: DE299962264Gesch\u00e4ftsf\u00fchrer: Clemens Hauser Copyright-Hinweis und Haftungsausschlu\u00dfAlle Bestandteile dieser Website unterliegen ohne Einschr\u00e4nkung dem Urheberrechtsgesetz, sowohl allgemein als Werk als auch speziell als Datenbank. [&hellip;]","og_url":"https:\/\/dev.b2bpricelists.com\/de\/impressum\/","og_site_name":"B2Bpricelists.com","article_modified_time":"2022-02-10T15:10:50+00:00","author":"b2bpricelists","twitter_card":"summary_large_image","twitter_misc":{"Gesch\u00e4tzte Lesezeit":"2\u00a0Minuten"},"schema":{"@context":"https:\/\/schema.org","@graph":[{"@type":"Organization","@id":"https:\/\/dev.b2bpricelists.com\/#organization","name":"B2Bpricelists.com","url":"https:\/\/dev.b2bpricelists.com\/","sameAs":[],"logo":{"@type":"ImageObject","inLanguage":"de","@id":"https:\/\/dev.b2bpricelists.com\/#\/schema\/logo\/image\/","url":"https:\/\/i2.wp.com\/b2bpricelists.com\/wp-content\/uploads\/2021\/04\/B2Bpricelists_logo.png?fit=307%2C198&ssl=1","contentUrl":"https:\/\/i2.wp.com\/b2bpricelists.com\/wp-content\/uploads\/2021\/04\/B2Bpricelists_logo.png?fit=307%2C198&ssl=1","width":307,"height":198,"caption":"B2Bpricelists.com"},"image":{"@id":"https:\/\/dev.b2bpricelists.com\/#\/schema\/logo\/image\/"}},{"@type":"WebSite","@id":"https:\/\/dev.b2bpricelists.com\/#website","url":"https:\/\/dev.b2bpricelists.com\/","name":"B2B Price Lists","description":"The B2B supplier directory and business directory for more B2B success in any industry \u2013 efficient, inexpensive, worldwide!","publisher":{"@id":"https:\/\/dev.b2bpricelists.com\/#organization"},"potentialAction":[{"@type":"SearchAction","target":{"@type":"EntryPoint","urlTemplate":"https:\/\/dev.b2bpricelists.com\/?s={search_term_string}"},"query-input":"required name=search_term_string"}],"inLanguage":"de"},{"@type":"WebPage","@id":"https:\/\/dev.b2bpricelists.com\/de\/impressum\/#webpage","url":"https:\/\/dev.b2bpricelists.com\/de\/impressum\/","name":"Impressum - B2Bpricelists.com","isPartOf":{"@id":"https:\/\/dev.b2bpricelists.com\/#website"},"datePublished":"2021-05-21T16:10:43+00:00","dateModified":"2022-02-10T15:10:50+00:00","breadcrumb":{"@id":"https:\/\/dev.b2bpricelists.com\/de\/impressum\/#breadcrumb"},"inLanguage":"de","potentialAction":[{"@type":"ReadAction","target":["https:\/\/dev.b2bpricelists.com\/de\/impressum\/"]}]},{"@type":"BreadcrumbList","@id":"https:\/\/dev.b2bpricelists.com\/de\/impressum\/#breadcrumb","itemListElement":[{"@type":"ListItem","position":1,"name":"Home","item":"https:\/\/dev.b2bpricelists.com\/de\/"},{"@type":"ListItem","position":2,"name":"Impressum"}]}]}},"_links":{"self":[{"href":"https:\/\/dev.b2bpricelists.com\/de\/wp-json\/wp\/v2\/pages\/3155"}],"collection":[{"href":"https:\/\/dev.b2bpricelists.com\/de\/wp-json\/wp\/v2\/pages"}],"about":[{"href":"https:\/\/dev.b2bpricelists.com\/de\/wp-json\/wp\/v2\/types\/page"}],"author":[{"embeddable":true,"href":"https:\/\/dev.b2bpricelists.com\/de\/wp-json\/wp\/v2\/users\/1"}],"replies":[{"embeddable":true,"href":"https:\/\/dev.b2bpricelists.com\/de\/wp-json\/wp\/v2\/comments?post=3155"}],"version-history":[{"count":2,"href":"https:\/\/dev.b2bpricelists.com\/de\/wp-json\/wp\/v2\/pages\/3155\/revisions"}],"predecessor-version":[{"id":39461,"href":"https:\/\/dev.b2bpricelists.com\/de\/wp-json\/wp\/v2\/pages\/3155\/revisions\/39461"}],"wp:attachment":[{"href":"https:\/\/dev.b2bpricelists.com\/de\/wp-json\/wp\/v2\/media?parent=3155"}],"curies":[{"name":"wp","href":"https:\/\/api.w.org\/{rel}","templated":true}]}}