{"id":3146,"date":"2021-05-21T17:50:34","date_gmt":"2021-05-21T15:50:34","guid":{"rendered":"https:\/\/dev.b2bpricelists.com\/?page_id=3146"},"modified":"2021-05-25T15:58:34","modified_gmt":"2021-05-25T13:58:34","slug":"allgemeine-geschaeftsbedingungen-agb","status":"publish","type":"page","link":"https:\/\/dev.b2bpricelists.com\/de\/allgemeine-geschaeftsbedingungen-agb\/","title":{"rendered":"Allgemeine Gesch\u00e4ftsbedingungen (AGB)\u00a0"},"content":{"rendered":"<p>Stand 07.02.2020<\/p>\n<p>\u00a7 1 Geltung<br \/>\nDiese Allgemeinen Gesch\u00e4ftsbedingungen sind Bestandteil aller zwischen Ihnen und der Hauser Deco MODERN UG (im Folgenden: \u201ewir\u201c oder \u201euns\u201c) geschlossenen Vertr\u00e4ge \u00fcber Produkte und Dienstleistungen von Hauser Deco MODERN UG und deren alleinige Grundlage; entgegenstehende Gesch\u00e4ftsbedingungen gelten auch dann nicht, wenn wir nicht ausdr\u00fccklich widersprochen haben und Ihren Auftrag vorbehaltlos ausf\u00fchren.<br \/>\nUnsere Dienstleistung ist ausschlie\u00dflich an Unternehmer gerichtet. Mit Auftragserteilung versichern Sie, dass Sie nicht Verbraucher, sondern Unternehmer und Kaufmann im Sinne des HGB sind.<\/p>\n<p>\u00a7 2 Definitionen und Auftragsinhalte<br \/>\nDer Inhalt Ihres Auftrages zur Aufnahme Ihres Unternehmens unter seiner tats\u00e4chlichen Firma als Firmenprofil in unsere Lieferantensuche ergibt sich aus den von Ihnen in Ihrem Kundenbereich auf unserer Webseite gemachten Angaben und gew\u00e4hlten Leistungen unter Zugrundelegung unserer jeweils g\u00fcltigen Prospekte und bildet ihren Hauptauftrag. Gestaltung und Sortierung Ihres Firmenprofils richten sich vorbehaltlich abweichender Einzelvereinbarungen nach den jeweils geltenden Vorgaben und Voreinstellungen in Ihrem Kundenbereich. \u00c4nderungen dieser Vorgaben und Einstellungen auch w\u00e4hrend eines laufenden Auftrags bleiben vorbehalten.<\/p>\n<p>\u00a7 3 Auftragserteilung und Laufzeiten<br \/>\nSie k\u00f6nnen uns elektronisch per Registrierung beauftragen. Die Auftragsausf\u00fchrung startet zum von Ihnen gew\u00e4hlten Datum, unabh\u00e4ngig davon, ob die allein von Ihnen zu stellenden oder einzupflegenden Inhalte vollst\u00e4ndig oder richtig vorliegen. Alle Auftr\u00e4ge sind vorbehaltlich einer abweichenden individualvertraglichen Abrede Dauerauftr\u00e4ge, die sich als solche stets um jeweils 1 Monat verl\u00e4ngern, wenn sie nicht mit einer Frist von drei Tagen (hier eingehend) zum Ablauf der Mindestvertragslaufzeit (1 Monat) gek\u00fcndigt worden sind.<\/p>\n<p>\u00a7 4 Qualit\u00e4tssicherung<br \/>\nWir sind berechtigt, im Rahmen der Qualit\u00e4tssicherung etwaig entdeckte Fehler in Ihrem Firmenprofil zu korrigieren und dieses sinnvoll anzureichern, ohne dass wir hierzu verpflichtet w\u00e4ren. Diese Erlaubnis k\u00f6nnen Sie jederzeit in Textform widerrufen sowie Korrekturen und Erg\u00e4nzungen r\u00fcckg\u00e4ngig machen oder l\u00f6schen.<\/p>\n<p>\u00a7 5 Unsere vertraglichen Pflichten<br \/>\nUnsere Leistungspflicht besteht darin, Ihnen w\u00e4hrend der Vertragslaufzeit f\u00fcr die Darstellung Ihres Firmenprofils Speicherplatz zur Verf\u00fcgung zu stellen und die Auffindbarkeit Ihres Firmenprofils in unserer Lieferantensuchmaschine sicherzustellen. Ferner werden wir uns bem\u00fchen, ohne hierzu verpflichtet zu sein, Ihr Firmenprofil unter Heranziehung von auf Ihrer Website verf\u00fcgbaren Informationen und Abbildungen zu erg\u00e4nzen und im Rahmen des technisch Angezeigten und Zumutbaren ganz oder auszugsweise auch auf Webseiten Dritter, in sozialen Netzwerken und in weiteren Nutzungsformen und Medien zu platzieren und zu bewerben. Eine bestimmte inhaltliche oder grafische Beschaffenheit Ihres Firmenprofils ist nicht Vertragsbestandteil. Der Nachweis der Ver\u00f6ffentlichung kann durch aktuelle Bildschirmausdrucke oder durch die Reproduktion datierter und mit Uhrzeit versehener Dateien aus unserem internen Backup-System gef\u00fchrt werden.<\/p>\n<p>\u00a7 6 Ihre vertraglichen Pflichten<br \/>\nZur Nutzung Ihres Kundenbereichs stehen Ihnen Zugangsdaten zur Verf\u00fcgung, bestehend aus Benutzername und Passwort. Halten Sie Ihr Passwort geheim und teilen Sie es nicht unbefugten Dritten mit. Wenn Sie den Eindruck haben, dass eine unbefugte Person Ihr Passwort herausgefunden hat, sind Sie verpflichtet, Ihr Passwort sofort zu \u00e4ndern.<br \/>\nF\u00fcr die Inhalte und Daten Ihres Firmenprofils haften Sie nach den allgemeinen Gesetzen, ebenso wie f\u00fcr die Virenfreiheit aller von Ihnen bereitgestellten Dateien.<br \/>\nSie d\u00fcrfen keine rechts- oder sittenwidrigen, beleidigenden, bedrohlichen, Gewalt verherrlichenden, rassistischen, sexuell anst\u00f6\u00dfigen Inhalte hinterlegen oder auf solche verlinken, welche religi\u00f6se Gef\u00fchle verletzen oder politisch Andersdenkende verunglimpfen oder die geeignet sind, Kinder oder Jugendliche sittlich zu gef\u00e4hrden oder in ihrem Wohl zu beeintr\u00e4chtigen.<br \/>\nWerden wir wegen eines Versto\u00dfes gegen eine dieser Pflichten in Anspruch genommen, so stellen Sie uns auf erstes Anfordern von allen Anspr\u00fcchen Dritter frei.<br \/>\nBei Versto\u00df gegen eine dieser Pflichten sind wir gleichfalls berechtigt, Ihr Firmenprofil zu sperren und\/oder den Vertrag fristlos zu k\u00fcndigen. Wir behalten uns zudem vor, die Ver\u00f6ffentlichung abzulehnen, wenn deren Inhalt m\u00f6glicherweise einen Versto\u00df gegen geltende Gesetze, die \u00f6ffentliche Ordnung, die guten Sitten, anerkannte Grunds\u00e4tze der Moral sowie das Wettbewerbs-, Marken- oder Werberecht darstellt. Eine R\u00fcckerstattung entrichteter Entgelte erfolgt in solchen F\u00e4llen nicht. Sie sind weiterhin verpflichtet, auf Ihren verlinkten Webangeboten auf deren werblichen Inhalt hinzuweisen, wenn redaktionelle und werbliche Beitr\u00e4ge vermischt werden, sowie klarzustellen, dass Sie selbst inhaltsverantwortlich f\u00fcr diese Webangebote sind.<\/p>\n<p>\u00a7 7 Leistungsst\u00f6rungen, Abnahme und Haftung<br \/>\nEine Haftung f\u00fcr kurzzeitige, unerhebliche oder von uns nicht zu beeinflussende St\u00f6rungen der Abrufbarkeit Ihres Firmenprofils oder f\u00fcr etwaige Nachteile aus der durch Sie zu vertretenden unbefugten Verwendung Ihrer Zugangsdaten ist ausgeschlossen. Dies gilt auch f\u00fcr etwaige Leistungsst\u00f6rungen w\u00e4hrend Wartungsarbeiten; diese berechtigen nicht zur Minderung, K\u00fcndigung oder Geltendmachung von Ersatzanspr\u00fcchen. Voraussetzung f\u00fcr die Behebung von St\u00f6rungen und M\u00e4ngeln ist deren rechtzeitige Anzeige. Anspr\u00fcche wegen M\u00e4ngeln, die uns nicht innerhalb von zwei Wochen nach erstmaliger M\u00f6glichkeit der Kenntnisnahme durch Sie schriftlich angezeigt werden, sind ausgeschlossen. Werkvertragliche Leistungen gelten mit Ingebrauchnahme als abgenommen, sp\u00e4testens jedoch 10 Tage nach Zug\u00e4nglichmachung. Gew\u00e4hrleistung erfolgt vorrangig durch Nachbesserung. Schl\u00e4gt diese nach zwei erfolglosen Versuchen endg\u00fcltig fehl, so sind Sie zur Herabsetzung der Verg\u00fctung oder zur au\u00dferordentlichen K\u00fcndigung berechtigt.<br \/>\nWir haften nur f\u00fcr Sch\u00e4den, die auf einer grob fahrl\u00e4ssigen oder vors\u00e4tzlichen Pflichtverletzung oder einer fahrl\u00e4ssigen Verletzung von Hauptleistungspflichten durch uns oder unsere Gehilfen beruhen. In jedem Fall ist die Haftung der H\u00f6he nach auf bei Vertragsschluss vorhersehbare Sch\u00e4den begrenzt und umfasst nicht F\u00e4lle h\u00f6herer Gewalt. Die Verj\u00e4hrungsfrist f\u00fcr Leistungsm\u00e4ngel von der Hauser Deco MODERN UG wird, sofern diese nicht auf Vorsatz beruhen, auf 12 Monate verk\u00fcrzt.<\/p>\n<p>\u00a7 8 Datenverarbeitung und Rechtseinr\u00e4umung<br \/>\nMit Auftragserteilung stimmen Sie der Verarbeitung, Speicherung und Nutzung der zur Auftragsdurchf\u00fchrung, Rechnungsstellung, Steigerung der Werbewirkung Ihres Firmenprofils, technischen Support sowie zur Performance-Analyse ben\u00f6tigten Firmenprofildaten und Nutzungsprofile und der damit verbundenen personenbezogenen Daten zu.<br \/>\nFerner r\u00e4umen Sie der Hauser Deco MODERN UG im zur Vertragsdurchf\u00fchrung erforderlichen Umfang das Recht zur Speicherung, Be- und Verarbeitung sowie \u00f6ffentlichen Zug\u00e4nglichmachung Ihrer Logos und unternehmens- oder produktbezogenen Bilder, Bewegtbilder und Texte auf beliebigen Webseiten und vergleichbaren, auch mobilen, Medien und Diensten ein.<br \/>\nEine Weitergabe an mit dem Vertragszweck nicht befasste Dritte erfolgt nicht.<\/p>\n<p>\u00a7 9 Zahlungen und F\u00e4lligkeit beim kostenpflichtigen Tarif<br \/>\nDie Rechnungsstellung erfolgt nach Annahme Ihres Auftrags. Wir sind berechtigt, Rechnungen auch rein elektronisch zu stellen. Zahlungen sind sofort und im Voraus f\u00fcr die jeweilige Laufzeitperiode ohne Abzug f\u00e4llig. Befinden Sie sich mit einer Zahlung in Verzug, insbesondere weil eine Lastschrift nicht ausgef\u00fchrt oder ein SEPA-Lastschriftmandat abredewidrig nicht erteilt oder widerrufen wird, so endet mit sofortiger Wirkung jede bestehende Zahlungsvereinbarung, ohne dass es einer gesonderten K\u00fcndigungserkl\u00e4rung bedarf und wir sind berechtigt, die Leistungserbringung ganz oder teilweise auszusetzen. Zahlung gilt als erfolgt, sobald wir \u00fcber den Betrag tats\u00e4chlich verf\u00fcgen. Zur\u00fcckgegebene Lastschriften stellen wir Ihnen in H\u00f6he der tats\u00e4chlichen Kosten, mindestens aber in H\u00f6he von je 10,00 EUR in Rechnung.<br \/>\nEine Verk\u00fcrzung der Vorabinformationsfrist zu SEPA-Basislastschriften auf einen (1) Tag wird hiermit vereinbart. Eine Aufrechnung ist nur mit unbestrittenen oder rechtskr\u00e4ftig festgestellten Gegenanspr\u00fcchen m\u00f6glich. Vertreter sind nur mit Vollmacht zum Inkasso berechtigt.<\/p>\n<p>PayPal<br \/>\nIm Bestellprozess werden Sie auf die Webseite des Online-Anbieters PayPal weitergeleitet. Um den Rechnungsbetrag \u00fcber PayPal bezahlen zu k\u00f6nnen, m\u00fcssen Sie dort registriert sein bzw. sich erst registrieren, mit Ihren Zugangsdaten legitimieren und die Zahlungsanweisung an uns best\u00e4tigen. Nach Abgabe der Bestellung im Shop fordern wir PayPal zur Einleitung der Zahlungstransaktion auf.<br \/>\nDie Zahlungstransaktion wird durch PayPal unmittelbar danach automatisch durchgef\u00fchrt. Weitere Hinweise erhalten Sie beim Bestellvorgang.<br \/>\nPayPal Plus<br \/>\nIm Rahmen des Zahlungsdienstes PayPal Plus bieten wir Ihnen verschiedene Zahlungsmethoden als PayPal Services an. Sie werden auf die Webseite des Online-Anbieters PayPal weitergeleitet. Dort k\u00f6nnen Sie Ihre Zahlungsdaten angeben, die Verwendung Ihrer Daten durch PayPal und die Zahlungsanweisung an PayPal best\u00e4tigen.<br \/>\nWenn Sie die Zahlungsart PayPal gew\u00e4hlt haben, m\u00fcssen Sie, um den Rechnungsbetrag bezahlen zu k\u00f6nnen, dort registriert sein bzw. sich erst registrieren und mit Ihren Zugangsdaten legitimieren. Die Zahlungstransaktion wird von PayPal unmittelbar nach Best\u00e4tigung der Zahlungsanweisung automatisch durchgef\u00fchrt. Weitere Hinweise erhalten Sie beim Bestellvorgang.<br \/>\nWenn Sie die Zahlungsart Kreditkarte gew\u00e4hlt haben, m\u00fcssen Sie, um den Rechnungsbetrag bezahlen zu k\u00f6nnen, bei PayPal nicht registriert sein. Die Zahlungstransaktion wird unmittelbar nach Best\u00e4tigung der Zahlungsanweisung und nach Ihrer Legitimation als rechtm\u00e4\u00dfiger Karteninhaber von Ihrem Kreditkartenunternehmen auf Aufforderung von PayPal durchgef\u00fchrt und Ihre Karte belastet. Weitere Hinweise erhalten Sie beim Bestellvorgang.<br \/>\nWenn Sie die Zahlungsart Lastschrift gew\u00e4hlt haben, m\u00fcssen Sie, um den Rechnungsbetrag bezahlen zu k\u00f6nnen, bei PayPal nicht registriert sein. Mit Best\u00e4tigung der Zahlungsanweisung erteilen Sie PayPal ein Lastschriftmandat. \u00dcber das Datum der Kontobelastung werden Sie von PayPal informiert (sog. Prenotification). Unter Einreichung des Lastschriftmandats unmittelbar nach Best\u00e4tigung der Zahlungsanweisung fordert PayPal seine Bank zur Einleitung der Zahlungstransaktion auf. Die Zahlungstransaktion wird durchgef\u00fchrt und Ihr Konto belastet. Weitere Hinweise erhalten Sie beim Bestellvorgang.<br \/>\nWenn Sie die Zahlungsart Rechnung gew\u00e4hlt haben, m\u00fcssen Sie, um den Rechnungsbetrag bezahlen zu k\u00f6nnen, bei PayPal nicht registriert sein. Nach erfolgreicher Adress- und Bonit\u00e4tspr\u00fcfung und Abgabe der Bestellung treten wir unsere Forderung an PayPal ab. Sie k\u00f6nnen in diesem Fall nur an PayPal mit schuldbefreiender Wirkung leisten. F\u00fcr die Zahlungsabwicklung \u00fcber PayPal gelten \u2013 erg\u00e4nzend zu unseren AGB \u2013 die AGB und die Datenschutzerkl\u00e4rung von PayPal. Weitere Informationen und die vollst\u00e4ndigen AGB von PayPal zum Rechnungskauf finden Sie hier: https:\/\/www.paypal.com\/de\/webapps\/mpp\/ua\/pui-terms?locale.x=de_DE.<\/p>\n<p>\u00a7 10 Gerichtsstand und Salvatorische Klausel<br \/>\nEs gilt das Recht der Bundesrepublik Deutschland unter Ausschluss der Haager Einheitlichen Kaufgesetze und des deutschen Kollisionsrechtes. Erf\u00fcllungs- und Gerichtsort ist der Sitz der Hauser Deco MODERN UG. S\u00e4mtliche \u00c4nderungen dieser AGB einschlie\u00dflich der Textformklausel bed\u00fcrfen der Textform. Die Unwirksamkeit einzelner Bestimmungen ber\u00fchrt nicht die \u00fcbrige Wirksamkeit der anderen Bestimmungen dieser AGB.<\/p>\n<p>Kontakt<br \/>\nHauser Deco MODERN UG<br \/>\nFabriciusstr. 57<br \/>\n65933 Frankfurt<br \/>\nDeutschland<\/p>\n<p>Tel: +49 (0)69 138286-70<br \/>\nFax: +49 (0)69 138286-72<br \/>\nE-Mail: info (at) hauser-deco-modern.de<br \/>\nUSt-IdNr.: DE299962264<br \/>\nHandelsregister: Amtsgericht Frankfurt am Main, HRB 107748<br \/>\nGesch\u00e4ftsf\u00fchrer: Clemens Hauser<\/p>\n","protected":false},"excerpt":{"rendered":"<p>Stand 07.02.2020 \u00a7 1 Geltung Diese Allgemeinen Gesch\u00e4ftsbedingungen sind Bestandteil aller zwischen Ihnen und der Hauser Deco MODERN UG (im Folgenden: \u201ewir\u201c oder \u201euns\u201c) geschlossenen Vertr\u00e4ge \u00fcber Produkte und Dienstleistungen von Hauser Deco MODERN UG und deren alleinige Grundlage; entgegenstehende Gesch\u00e4ftsbedingungen gelten auch dann nicht, wenn wir nicht ausdr\u00fccklich widersprochen haben und Ihren Auftrag vorbehaltlos [&hellip;]<\/p>\n","protected":false},"author":1,"featured_media":0,"parent":0,"menu_order":0,"comment_status":"closed","ping_status":"open","template":"template-fullwidth.php","meta":[],"yoast_head":"<!-- This site is optimized with the Yoast SEO plugin v19.2 - https:\/\/yoast.com\/wordpress\/plugins\/seo\/ -->\n<title>Allgemeine Gesch\u00e4ftsbedingungen (AGB)\u00a0 - B2Bpricelists.com<\/title>\n<meta name=\"robots\" content=\"noindex, follow\" \/>\n<meta property=\"og:locale\" content=\"de_DE\" \/>\n<meta property=\"og:type\" content=\"article\" \/>\n<meta property=\"og:title\" content=\"Allgemeine Gesch\u00e4ftsbedingungen (AGB)\u00a0 - B2Bpricelists.com\" \/>\n<meta property=\"og:description\" content=\"Stand 07.02.2020 \u00a7 1 Geltung Diese Allgemeinen Gesch\u00e4ftsbedingungen sind Bestandteil aller zwischen Ihnen und der Hauser Deco MODERN UG (im Folgenden: \u201ewir\u201c oder \u201euns\u201c) geschlossenen Vertr\u00e4ge \u00fcber Produkte und Dienstleistungen von Hauser Deco MODERN UG und deren alleinige Grundlage; entgegenstehende Gesch\u00e4ftsbedingungen gelten auch dann nicht, wenn wir nicht ausdr\u00fccklich widersprochen haben und Ihren Auftrag vorbehaltlos [&hellip;]\" \/>\n<meta property=\"og:url\" content=\"https:\/\/dev.b2bpricelists.com\/de\/allgemeine-geschaeftsbedingungen-agb\/\" \/>\n<meta property=\"og:site_name\" content=\"B2Bpricelists.com\" \/>\n<meta property=\"article:modified_time\" content=\"2021-05-25T13:58:34+00:00\" \/>\n<meta name=\"author\" content=\"b2bpricelists\" \/>\n<meta name=\"twitter:card\" content=\"summary_large_image\" \/>\n<meta name=\"twitter:label1\" content=\"Gesch\u00e4tzte Lesezeit\" \/>\n\t<meta name=\"twitter:data1\" content=\"7\u00a0Minuten\" \/>\n<script type=\"application\/ld+json\" class=\"yoast-schema-graph\">{\"@context\":\"https:\/\/schema.org\",\"@graph\":[{\"@type\":\"Organization\",\"@id\":\"https:\/\/dev.b2bpricelists.com\/#organization\",\"name\":\"B2Bpricelists.com\",\"url\":\"https:\/\/dev.b2bpricelists.com\/\",\"sameAs\":[],\"logo\":{\"@type\":\"ImageObject\",\"inLanguage\":\"de\",\"@id\":\"https:\/\/dev.b2bpricelists.com\/#\/schema\/logo\/image\/\",\"url\":\"https:\/\/i2.wp.com\/b2bpricelists.com\/wp-content\/uploads\/2021\/04\/B2Bpricelists_logo.png?fit=307%2C198&ssl=1\",\"contentUrl\":\"https:\/\/i2.wp.com\/b2bpricelists.com\/wp-content\/uploads\/2021\/04\/B2Bpricelists_logo.png?fit=307%2C198&ssl=1\",\"width\":307,\"height\":198,\"caption\":\"B2Bpricelists.com\"},\"image\":{\"@id\":\"https:\/\/dev.b2bpricelists.com\/#\/schema\/logo\/image\/\"}},{\"@type\":\"WebSite\",\"@id\":\"https:\/\/dev.b2bpricelists.com\/#website\",\"url\":\"https:\/\/dev.b2bpricelists.com\/\",\"name\":\"B2B Price Lists\",\"description\":\"The B2B supplier directory and business directory for more B2B success in any industry \u2013 efficient, inexpensive, worldwide!\",\"publisher\":{\"@id\":\"https:\/\/dev.b2bpricelists.com\/#organization\"},\"potentialAction\":[{\"@type\":\"SearchAction\",\"target\":{\"@type\":\"EntryPoint\",\"urlTemplate\":\"https:\/\/dev.b2bpricelists.com\/?s={search_term_string}\"},\"query-input\":\"required name=search_term_string\"}],\"inLanguage\":\"de\"},{\"@type\":\"WebPage\",\"@id\":\"https:\/\/dev.b2bpricelists.com\/de\/allgemeine-geschaeftsbedingungen-agb\/#webpage\",\"url\":\"https:\/\/dev.b2bpricelists.com\/de\/allgemeine-geschaeftsbedingungen-agb\/\",\"name\":\"Allgemeine Gesch\u00e4ftsbedingungen (AGB)\u00a0 - B2Bpricelists.com\",\"isPartOf\":{\"@id\":\"https:\/\/dev.b2bpricelists.com\/#website\"},\"datePublished\":\"2021-05-21T15:50:34+00:00\",\"dateModified\":\"2021-05-25T13:58:34+00:00\",\"breadcrumb\":{\"@id\":\"https:\/\/dev.b2bpricelists.com\/de\/allgemeine-geschaeftsbedingungen-agb\/#breadcrumb\"},\"inLanguage\":\"de\",\"potentialAction\":[{\"@type\":\"ReadAction\",\"target\":[\"https:\/\/dev.b2bpricelists.com\/de\/allgemeine-geschaeftsbedingungen-agb\/\"]}]},{\"@type\":\"BreadcrumbList\",\"@id\":\"https:\/\/dev.b2bpricelists.com\/de\/allgemeine-geschaeftsbedingungen-agb\/#breadcrumb\",\"itemListElement\":[{\"@type\":\"ListItem\",\"position\":1,\"name\":\"Home\",\"item\":\"https:\/\/dev.b2bpricelists.com\/de\/\"},{\"@type\":\"ListItem\",\"position\":2,\"name\":\"Allgemeine Gesch\u00e4ftsbedingungen (AGB)\u00a0\"}]}]}<\/script>\n<!-- \/ Yoast SEO plugin. -->","yoast_head_json":{"title":"Allgemeine Gesch\u00e4ftsbedingungen (AGB)\u00a0 - B2Bpricelists.com","robots":{"index":"noindex","follow":"follow"},"og_locale":"de_DE","og_type":"article","og_title":"Allgemeine Gesch\u00e4ftsbedingungen (AGB)\u00a0 - B2Bpricelists.com","og_description":"Stand 07.02.2020 \u00a7 1 Geltung Diese Allgemeinen Gesch\u00e4ftsbedingungen sind Bestandteil aller zwischen Ihnen und der Hauser Deco MODERN UG (im Folgenden: \u201ewir\u201c oder \u201euns\u201c) geschlossenen Vertr\u00e4ge \u00fcber Produkte und Dienstleistungen von Hauser Deco MODERN UG und deren alleinige Grundlage; entgegenstehende Gesch\u00e4ftsbedingungen gelten auch dann nicht, wenn wir nicht ausdr\u00fccklich widersprochen haben und Ihren Auftrag vorbehaltlos [&hellip;]","og_url":"https:\/\/dev.b2bpricelists.com\/de\/allgemeine-geschaeftsbedingungen-agb\/","og_site_name":"B2Bpricelists.com","article_modified_time":"2021-05-25T13:58:34+00:00","author":"b2bpricelists","twitter_card":"summary_large_image","twitter_misc":{"Gesch\u00e4tzte Lesezeit":"7\u00a0Minuten"},"schema":{"@context":"https:\/\/schema.org","@graph":[{"@type":"Organization","@id":"https:\/\/dev.b2bpricelists.com\/#organization","name":"B2Bpricelists.com","url":"https:\/\/dev.b2bpricelists.com\/","sameAs":[],"logo":{"@type":"ImageObject","inLanguage":"de","@id":"https:\/\/dev.b2bpricelists.com\/#\/schema\/logo\/image\/","url":"https:\/\/i2.wp.com\/b2bpricelists.com\/wp-content\/uploads\/2021\/04\/B2Bpricelists_logo.png?fit=307%2C198&ssl=1","contentUrl":"https:\/\/i2.wp.com\/b2bpricelists.com\/wp-content\/uploads\/2021\/04\/B2Bpricelists_logo.png?fit=307%2C198&ssl=1","width":307,"height":198,"caption":"B2Bpricelists.com"},"image":{"@id":"https:\/\/dev.b2bpricelists.com\/#\/schema\/logo\/image\/"}},{"@type":"WebSite","@id":"https:\/\/dev.b2bpricelists.com\/#website","url":"https:\/\/dev.b2bpricelists.com\/","name":"B2B Price Lists","description":"The B2B supplier directory and business directory for more B2B success in any industry \u2013 efficient, inexpensive, worldwide!","publisher":{"@id":"https:\/\/dev.b2bpricelists.com\/#organization"},"potentialAction":[{"@type":"SearchAction","target":{"@type":"EntryPoint","urlTemplate":"https:\/\/dev.b2bpricelists.com\/?s={search_term_string}"},"query-input":"required name=search_term_string"}],"inLanguage":"de"},{"@type":"WebPage","@id":"https:\/\/dev.b2bpricelists.com\/de\/allgemeine-geschaeftsbedingungen-agb\/#webpage","url":"https:\/\/dev.b2bpricelists.com\/de\/allgemeine-geschaeftsbedingungen-agb\/","name":"Allgemeine Gesch\u00e4ftsbedingungen (AGB)\u00a0 - B2Bpricelists.com","isPartOf":{"@id":"https:\/\/dev.b2bpricelists.com\/#website"},"datePublished":"2021-05-21T15:50:34+00:00","dateModified":"2021-05-25T13:58:34+00:00","breadcrumb":{"@id":"https:\/\/dev.b2bpricelists.com\/de\/allgemeine-geschaeftsbedingungen-agb\/#breadcrumb"},"inLanguage":"de","potentialAction":[{"@type":"ReadAction","target":["https:\/\/dev.b2bpricelists.com\/de\/allgemeine-geschaeftsbedingungen-agb\/"]}]},{"@type":"BreadcrumbList","@id":"https:\/\/dev.b2bpricelists.com\/de\/allgemeine-geschaeftsbedingungen-agb\/#breadcrumb","itemListElement":[{"@type":"ListItem","position":1,"name":"Home","item":"https:\/\/dev.b2bpricelists.com\/de\/"},{"@type":"ListItem","position":2,"name":"Allgemeine Gesch\u00e4ftsbedingungen (AGB)\u00a0"}]}]}},"_links":{"self":[{"href":"https:\/\/dev.b2bpricelists.com\/de\/wp-json\/wp\/v2\/pages\/3146"}],"collection":[{"href":"https:\/\/dev.b2bpricelists.com\/de\/wp-json\/wp\/v2\/pages"}],"about":[{"href":"https:\/\/dev.b2bpricelists.com\/de\/wp-json\/wp\/v2\/types\/page"}],"author":[{"embeddable":true,"href":"https:\/\/dev.b2bpricelists.com\/de\/wp-json\/wp\/v2\/users\/1"}],"replies":[{"embeddable":true,"href":"https:\/\/dev.b2bpricelists.com\/de\/wp-json\/wp\/v2\/comments?post=3146"}],"version-history":[{"count":1,"href":"https:\/\/dev.b2bpricelists.com\/de\/wp-json\/wp\/v2\/pages\/3146\/revisions"}],"predecessor-version":[{"id":3147,"href":"https:\/\/dev.b2bpricelists.com\/de\/wp-json\/wp\/v2\/pages\/3146\/revisions\/3147"}],"wp:attachment":[{"href":"https:\/\/dev.b2bpricelists.com\/de\/wp-json\/wp\/v2\/media?parent=3146"}],"curies":[{"name":"wp","href":"https:\/\/api.w.org\/{rel}","templated":true}]}}