{"id":3144,"date":"2021-05-21T17:46:45","date_gmt":"2021-05-21T15:46:45","guid":{"rendered":"https:\/\/dev.b2bpricelists.com\/?page_id=3144"},"modified":"2021-05-21T17:46:48","modified_gmt":"2021-05-21T15:46:48","slug":"kontakt-support","status":"publish","type":"page","link":"https:\/\/dev.b2bpricelists.com\/de\/kontakt-support\/","title":{"rendered":"Kontakt &#038; Support"},"content":{"rendered":"\n<p>Haben Sie Fragen zu unserem Service oder m\u00f6chten Sie ein anderes Unternehmen wegen Versto\u00dfes gegen die Website-Regeln melden? Wir sind hier, um Ihnen zu helfen. Bitte f\u00fcllen Sie das Kontaktformular aus oder senden Sie uns eine E-Mail an contact@b2bpricelists.com. Wir sprechen Englisch, Spanisch, Deutsch, Franz\u00f6sisch und Italienisch.<\/p>\n\n\n\n\n\n\n\n\n\n\n\n\n\n\n","protected":false},"excerpt":{"rendered":"<p>Haben Sie Fragen zu unserem Service oder m\u00f6chten Sie ein anderes Unternehmen wegen Versto\u00dfes gegen die Website-Regeln melden? Wir sind hier, um Ihnen zu helfen. Bitte f\u00fcllen Sie das Kontaktformular aus oder senden Sie uns eine E-Mail an contact@b2bpricelists.com. Wir sprechen Englisch, Spanisch, Deutsch, Franz\u00f6sisch und Italienisch.<\/p>\n","protected":false},"author":1,"featured_media":0,"parent":0,"menu_order":0,"comment_status":"closed","ping_status":"closed","template":"","meta":[],"yoast_head":"<!-- This site is optimized with the Yoast SEO plugin v19.2 - https:\/\/yoast.com\/wordpress\/plugins\/seo\/ -->\n<title>Kontakt &amp; Support - B2Bpricelists.com<\/title>\n<meta name=\"robots\" content=\"noindex, follow, max-snippet:-1, max-image-preview:large, max-video-preview:-1\" \/>\n<meta property=\"og:locale\" content=\"de_DE\" \/>\n<meta property=\"og:type\" content=\"article\" \/>\n<meta property=\"og:title\" content=\"Kontakt &amp; Support - B2Bpricelists.com\" \/>\n<meta property=\"og:description\" content=\"Haben Sie Fragen zu unserem Service oder m\u00f6chten Sie ein anderes Unternehmen wegen Versto\u00dfes gegen die Website-Regeln melden? Wir sind hier, um Ihnen zu helfen. Bitte f\u00fcllen Sie das Kontaktformular aus oder senden Sie uns eine E-Mail an contact@b2bpricelists.com. Wir sprechen Englisch, Spanisch, Deutsch, Franz\u00f6sisch und Italienisch.\" \/>\n<meta property=\"og:url\" content=\"https:\/\/dev.b2bpricelists.com\/de\/kontakt-support\/\" \/>\n<meta property=\"og:site_name\" content=\"B2Bpricelists.com\" \/>\n<meta property=\"article:modified_time\" content=\"2021-05-21T15:46:48+00:00\" \/>\n<meta name=\"author\" content=\"b2bpricelists\" \/>\n<meta name=\"twitter:card\" content=\"summary_large_image\" \/>\n<meta name=\"twitter:label1\" content=\"Gesch\u00e4tzte Lesezeit\" \/>\n\t<meta name=\"twitter:data1\" content=\"1\u00a0Minute\" \/>\n<script type=\"application\/ld+json\" class=\"yoast-schema-graph\">{\"@context\":\"https:\/\/schema.org\",\"@graph\":[{\"@type\":\"Organization\",\"@id\":\"https:\/\/dev.b2bpricelists.com\/#organization\",\"name\":\"B2Bpricelists.com\",\"url\":\"https:\/\/dev.b2bpricelists.com\/\",\"sameAs\":[],\"logo\":{\"@type\":\"ImageObject\",\"inLanguage\":\"de\",\"@id\":\"https:\/\/dev.b2bpricelists.com\/#\/schema\/logo\/image\/\",\"url\":\"https:\/\/i2.wp.com\/b2bpricelists.com\/wp-content\/uploads\/2021\/04\/B2Bpricelists_logo.png?fit=307%2C198&ssl=1\",\"contentUrl\":\"https:\/\/i2.wp.com\/b2bpricelists.com\/wp-content\/uploads\/2021\/04\/B2Bpricelists_logo.png?fit=307%2C198&ssl=1\",\"width\":307,\"height\":198,\"caption\":\"B2Bpricelists.com\"},\"image\":{\"@id\":\"https:\/\/dev.b2bpricelists.com\/#\/schema\/logo\/image\/\"}},{\"@type\":\"WebSite\",\"@id\":\"https:\/\/dev.b2bpricelists.com\/#website\",\"url\":\"https:\/\/dev.b2bpricelists.com\/\",\"name\":\"B2B Price Lists\",\"description\":\"The B2B supplier directory and business directory for more B2B success in any industry \u2013 efficient, inexpensive, worldwide!\",\"publisher\":{\"@id\":\"https:\/\/dev.b2bpricelists.com\/#organization\"},\"potentialAction\":[{\"@type\":\"SearchAction\",\"target\":{\"@type\":\"EntryPoint\",\"urlTemplate\":\"https:\/\/dev.b2bpricelists.com\/?s={search_term_string}\"},\"query-input\":\"required name=search_term_string\"}],\"inLanguage\":\"de\"},{\"@type\":\"WebPage\",\"@id\":\"https:\/\/dev.b2bpricelists.com\/de\/kontakt-support\/#webpage\",\"url\":\"https:\/\/dev.b2bpricelists.com\/de\/kontakt-support\/\",\"name\":\"Kontakt & Support - B2Bpricelists.com\",\"isPartOf\":{\"@id\":\"https:\/\/dev.b2bpricelists.com\/#website\"},\"datePublished\":\"2021-05-21T15:46:45+00:00\",\"dateModified\":\"2021-05-21T15:46:48+00:00\",\"breadcrumb\":{\"@id\":\"https:\/\/dev.b2bpricelists.com\/de\/kontakt-support\/#breadcrumb\"},\"inLanguage\":\"de\",\"potentialAction\":[{\"@type\":\"ReadAction\",\"target\":[\"https:\/\/dev.b2bpricelists.com\/de\/kontakt-support\/\"]}]},{\"@type\":\"BreadcrumbList\",\"@id\":\"https:\/\/dev.b2bpricelists.com\/de\/kontakt-support\/#breadcrumb\",\"itemListElement\":[{\"@type\":\"ListItem\",\"position\":1,\"name\":\"Home\",\"item\":\"https:\/\/dev.b2bpricelists.com\/de\/\"},{\"@type\":\"ListItem\",\"position\":2,\"name\":\"Kontakt &#038; Support\"}]}]}<\/script>\n<!-- \/ Yoast SEO plugin. -->","yoast_head_json":{"title":"Kontakt & Support - B2Bpricelists.com","robots":{"index":"noindex","follow":"follow","max-snippet":"max-snippet:-1","max-image-preview":"max-image-preview:large","max-video-preview":"max-video-preview:-1"},"og_locale":"de_DE","og_type":"article","og_title":"Kontakt & Support - B2Bpricelists.com","og_description":"Haben Sie Fragen zu unserem Service oder m\u00f6chten Sie ein anderes Unternehmen wegen Versto\u00dfes gegen die Website-Regeln melden? Wir sind hier, um Ihnen zu helfen. Bitte f\u00fcllen Sie das Kontaktformular aus oder senden Sie uns eine E-Mail an contact@b2bpricelists.com. Wir sprechen Englisch, Spanisch, Deutsch, Franz\u00f6sisch und Italienisch.","og_url":"https:\/\/dev.b2bpricelists.com\/de\/kontakt-support\/","og_site_name":"B2Bpricelists.com","article_modified_time":"2021-05-21T15:46:48+00:00","author":"b2bpricelists","twitter_card":"summary_large_image","twitter_misc":{"Gesch\u00e4tzte Lesezeit":"1\u00a0Minute"},"schema":{"@context":"https:\/\/schema.org","@graph":[{"@type":"Organization","@id":"https:\/\/dev.b2bpricelists.com\/#organization","name":"B2Bpricelists.com","url":"https:\/\/dev.b2bpricelists.com\/","sameAs":[],"logo":{"@type":"ImageObject","inLanguage":"de","@id":"https:\/\/dev.b2bpricelists.com\/#\/schema\/logo\/image\/","url":"https:\/\/i2.wp.com\/b2bpricelists.com\/wp-content\/uploads\/2021\/04\/B2Bpricelists_logo.png?fit=307%2C198&ssl=1","contentUrl":"https:\/\/i2.wp.com\/b2bpricelists.com\/wp-content\/uploads\/2021\/04\/B2Bpricelists_logo.png?fit=307%2C198&ssl=1","width":307,"height":198,"caption":"B2Bpricelists.com"},"image":{"@id":"https:\/\/dev.b2bpricelists.com\/#\/schema\/logo\/image\/"}},{"@type":"WebSite","@id":"https:\/\/dev.b2bpricelists.com\/#website","url":"https:\/\/dev.b2bpricelists.com\/","name":"B2B Price Lists","description":"The B2B supplier directory and business directory for more B2B success in any industry \u2013 efficient, inexpensive, worldwide!","publisher":{"@id":"https:\/\/dev.b2bpricelists.com\/#organization"},"potentialAction":[{"@type":"SearchAction","target":{"@type":"EntryPoint","urlTemplate":"https:\/\/dev.b2bpricelists.com\/?s={search_term_string}"},"query-input":"required name=search_term_string"}],"inLanguage":"de"},{"@type":"WebPage","@id":"https:\/\/dev.b2bpricelists.com\/de\/kontakt-support\/#webpage","url":"https:\/\/dev.b2bpricelists.com\/de\/kontakt-support\/","name":"Kontakt & Support - B2Bpricelists.com","isPartOf":{"@id":"https:\/\/dev.b2bpricelists.com\/#website"},"datePublished":"2021-05-21T15:46:45+00:00","dateModified":"2021-05-21T15:46:48+00:00","breadcrumb":{"@id":"https:\/\/dev.b2bpricelists.com\/de\/kontakt-support\/#breadcrumb"},"inLanguage":"de","potentialAction":[{"@type":"ReadAction","target":["https:\/\/dev.b2bpricelists.com\/de\/kontakt-support\/"]}]},{"@type":"BreadcrumbList","@id":"https:\/\/dev.b2bpricelists.com\/de\/kontakt-support\/#breadcrumb","itemListElement":[{"@type":"ListItem","position":1,"name":"Home","item":"https:\/\/dev.b2bpricelists.com\/de\/"},{"@type":"ListItem","position":2,"name":"Kontakt &#038; Support"}]}]}},"_links":{"self":[{"href":"https:\/\/dev.b2bpricelists.com\/de\/wp-json\/wp\/v2\/pages\/3144"}],"collection":[{"href":"https:\/\/dev.b2bpricelists.com\/de\/wp-json\/wp\/v2\/pages"}],"about":[{"href":"https:\/\/dev.b2bpricelists.com\/de\/wp-json\/wp\/v2\/types\/page"}],"author":[{"embeddable":true,"href":"https:\/\/dev.b2bpricelists.com\/de\/wp-json\/wp\/v2\/users\/1"}],"replies":[{"embeddable":true,"href":"https:\/\/dev.b2bpricelists.com\/de\/wp-json\/wp\/v2\/comments?post=3144"}],"version-history":[{"count":1,"href":"https:\/\/dev.b2bpricelists.com\/de\/wp-json\/wp\/v2\/pages\/3144\/revisions"}],"predecessor-version":[{"id":3145,"href":"https:\/\/dev.b2bpricelists.com\/de\/wp-json\/wp\/v2\/pages\/3144\/revisions\/3145"}],"wp:attachment":[{"href":"https:\/\/dev.b2bpricelists.com\/de\/wp-json\/wp\/v2\/media?parent=3144"}],"curies":[{"name":"wp","href":"https:\/\/api.w.org\/{rel}","templated":true}]}}